{"id":13,"date":"2025-12-15T15:11:45","date_gmt":"2025-12-15T18:11:45","guid":{"rendered":"https:\/\/vhsloja2.vhsmidiasdigitais.com\/?page_id=13"},"modified":"2025-12-15T15:15:31","modified_gmt":"2025-12-15T18:15:31","slug":"pedidos","status":"publish","type":"page","link":"https:\/\/vhsloja2.vhsmidiasdigitais.com\/index.php\/pedidos\/","title":{"rendered":"Pedidos"},"content":{"rendered":"\t\t<div data-elementor-type=\"wp-page\" data-elementor-id=\"13\" class=\"elementor elementor-13\" data-elementor-post-type=\"page\">\n\t\t\t\t<div class=\"elementor-element elementor-element-7f6b24a e-flex e-con-boxed e-con e-parent\" data-id=\"7f6b24a\" data-element_type=\"container\">\n\t\t\t\t\t<div class=\"e-con-inner\">\n\t\t\t\t<div class=\"elementor-element elementor-element-e2e7760 elementor-widget elementor-widget-text-editor\" data-id=\"e2e7760\" data-element_type=\"widget\" data-widget_type=\"text-editor.default\">\n\t\t\t\t\t\t\t\t\t<div class=\"fdm-not-logged\">Desculpe, voc\u00ea n\u00e3o tem acesso a esta p\u00e1gina.<\/div>\t\t\t\t\t\t\t\t<\/div>\n\t\t\t\t\t<\/div>\n\t\t\t\t<\/div>\n\t\t\t\t<\/div>\n\t\t","protected":false},"excerpt":{"rendered":"","protected":false},"author":1,"featured_media":0,"parent":0,"menu_order":0,"comment_status":"closed","ping_status":"closed","template":"elementor_canvas","meta":{"footnotes":""},"class_list":["post-13","page","type-page","status-publish","hentry"],"_links":{"self":[{"href":"https:\/\/vhsloja2.vhsmidiasdigitais.com\/index.php\/wp-json\/wp\/v2\/pages\/13","targetHints":{"allow":["GET"]}}],"collection":[{"href":"https:\/\/vhsloja2.vhsmidiasdigitais.com\/index.php\/wp-json\/wp\/v2\/pages"}],"about":[{"href":"https:\/\/vhsloja2.vhsmidiasdigitais.com\/index.php\/wp-json\/wp\/v2\/types\/page"}],"author":[{"embeddable":true,"href":"https:\/\/vhsloja2.vhsmidiasdigitais.com\/index.php\/wp-json\/wp\/v2\/users\/1"}],"replies":[{"embeddable":true,"href":"https:\/\/vhsloja2.vhsmidiasdigitais.com\/index.php\/wp-json\/wp\/v2\/comments?post=13"}],"version-history":[{"count":9,"href":"https:\/\/vhsloja2.vhsmidiasdigitais.com\/index.php\/wp-json\/wp\/v2\/pages\/13\/revisions"}],"predecessor-version":[{"id":23,"href":"https:\/\/vhsloja2.vhsmidiasdigitais.com\/index.php\/wp-json\/wp\/v2\/pages\/13\/revisions\/23"}],"wp:attachment":[{"href":"https:\/\/vhsloja2.vhsmidiasdigitais.com\/index.php\/wp-json\/wp\/v2\/media?parent=13"}],"curies":[{"name":"wp","href":"https:\/\/api.w.org\/{rel}","templated":true}]}}